{"id":2170,"date":"2022-07-20T17:13:56","date_gmt":"2022-07-20T15:13:56","guid":{"rendered":"https:\/\/www.sbenterprise.com\/?page_id=2170"},"modified":"2024-06-17T18:00:39","modified_gmt":"2024-06-17T16:00:39","slug":"revamping","status":"publish","type":"page","link":"https:\/\/www.sbenterprise.com\/fr\/revamping\/","title":{"rendered":"Revamping"},"content":{"rendered":"\t\t<div data-elementor-type=\"wp-page\" data-elementor-id=\"2170\" class=\"elementor elementor-2170 elementor-333\" data-elementor-post-type=\"page\">\n\t\t\t\t\t\t<section class=\"elementor-section elementor-top-section elementor-element elementor-element-43d93d7 elementor-section-height-min-height elementor-section-full_width elementor-section-content-bottom elementor-section-height-default elementor-section-items-middle\" data-id=\"43d93d7\" data-element_type=\"section\" data-settings=\"{&quot;background_background&quot;:&quot;slideshow&quot;,&quot;background_slideshow_gallery&quot;:[{&quot;id&quot;:1286,&quot;url&quot;:&quot;https:\\\/\\\/www.sbenterprise.com\\\/wp-content\\\/uploads\\\/2023\\\/06\\\/31-testata-retrofitting-scaled.jpg&quot;},{&quot;id&quot;:1287,&quot;url&quot;:&quot;https:\\\/\\\/www.sbenterprise.com\\\/wp-content\\\/uploads\\\/2023\\\/06\\\/32-testata-retrofitting-scaled.jpg&quot;},{&quot;id&quot;:1288,&quot;url&quot;:&quot;https:\\\/\\\/www.sbenterprise.com\\\/wp-content\\\/uploads\\\/2023\\\/06\\\/33-testata-retrofitting-scaled.jpg&quot;},{&quot;id&quot;:1289,&quot;url&quot;:&quot;https:\\\/\\\/www.sbenterprise.com\\\/wp-content\\\/uploads\\\/2023\\\/06\\\/34-testata-retrofitting-scaled.jpg&quot;}],&quot;background_slideshow_loop&quot;:&quot;yes&quot;,&quot;background_slideshow_slide_duration&quot;:5000,&quot;background_slideshow_slide_transition&quot;:&quot;fade&quot;,&quot;background_slideshow_transition_duration&quot;:500}\">\n\t\t\t\t\t\t<div class=\"elementor-container elementor-column-gap-default\">\n\t\t\t\t\t<div class=\"elementor-column elementor-col-100 elementor-top-column elementor-element elementor-element-a3a9780 elementor-invisible\" data-id=\"a3a9780\" data-element_type=\"column\" data-settings=\"{&quot;animation&quot;:&quot;fadeInUp&quot;}\">\n\t\t\t<div class=\"elementor-widget-wrap elementor-element-populated\">\n\t\t\t\t\t\t<section class=\"elementor-section elementor-inner-section elementor-element elementor-element-b5ffeaa elementor-section-content-middle elementor-section-boxed elementor-section-height-default elementor-section-height-default\" data-id=\"b5ffeaa\" data-element_type=\"section\">\n\t\t\t\t\t\t<div class=\"elementor-container elementor-column-gap-default\">\n\t\t\t\t\t<div class=\"elementor-column elementor-col-100 elementor-inner-column elementor-element elementor-element-d911cf9\" data-id=\"d911cf9\" data-element_type=\"column\" data-settings=\"{&quot;background_background&quot;:&quot;classic&quot;}\">\n\t\t\t<div class=\"elementor-widget-wrap elementor-element-populated\">\n\t\t\t\t\t\t<div class=\"elementor-element elementor-element-48bffe4 elementor-widget elementor-widget-heading\" data-id=\"48bffe4\" data-element_type=\"widget\" data-widget_type=\"heading.default\">\n\t\t\t\t<div class=\"elementor-widget-container\">\n\t\t\t\t\t<h1 class=\"elementor-heading-title elementor-size-default\">Revamping<\/h1>\t\t\t\t<\/div>\n\t\t\t\t<\/div>\n\t\t\t\t<div class=\"elementor-element elementor-element-1c71f91 elementor-widget-divider--view-line_text elementor-absolute elementor-widget-divider--element-align-center elementor-widget elementor-widget-divider\" data-id=\"1c71f91\" data-element_type=\"widget\" data-settings=\"{&quot;_position&quot;:&quot;absolute&quot;}\" data-widget_type=\"divider.default\">\n\t\t\t\t<div class=\"elementor-widget-container\">\n\t\t\t\t\t\t\t<div class=\"elementor-divider\">\n\t\t\t<span class=\"elementor-divider-separator\">\n\t\t\t\t\t\t\t<span class=\"elementor-divider__text elementor-divider__element\">\n\t\t\t\tS.B.E. Blow Moulding\t\t\t\t<\/span>\n\t\t\t\t\t\t<\/span>\n\t\t<\/div>\n\t\t\t\t\t\t<\/div>\n\t\t\t\t<\/div>\n\t\t\t\t\t<\/div>\n\t\t<\/div>\n\t\t\t\t\t<\/div>\n\t\t<\/section>\n\t\t\t\t\t<\/div>\n\t\t<\/div>\n\t\t\t\t\t<\/div>\n\t\t<\/section>\n\t\t\t\t<section class=\"elementor-section elementor-top-section elementor-element elementor-element-031bb0e elementor-section-content-middle elementor-section-boxed elementor-section-height-default elementor-section-height-default\" data-id=\"031bb0e\" data-element_type=\"section\">\n\t\t\t\t\t\t<div class=\"elementor-container elementor-column-gap-default\">\n\t\t\t\t\t<div class=\"elementor-column elementor-col-100 elementor-top-column elementor-element elementor-element-9aa7725\" data-id=\"9aa7725\" data-element_type=\"column\" data-settings=\"{&quot;background_background&quot;:&quot;classic&quot;}\">\n\t\t\t<div class=\"elementor-widget-wrap elementor-element-populated\">\n\t\t\t\t\t\t<section class=\"elementor-section elementor-inner-section elementor-element elementor-element-d4893b2 elementor-section-boxed elementor-section-height-default elementor-section-height-default elementor-invisible\" data-id=\"d4893b2\" data-element_type=\"section\" data-settings=\"{&quot;background_background&quot;:&quot;classic&quot;,&quot;animation&quot;:&quot;fadeInRight&quot;}\">\n\t\t\t\t\t\t<div class=\"elementor-container elementor-column-gap-default\">\n\t\t\t\t\t<div class=\"elementor-column elementor-col-100 elementor-inner-column elementor-element elementor-element-8f249d2\" data-id=\"8f249d2\" data-element_type=\"column\">\n\t\t\t<div class=\"elementor-widget-wrap elementor-element-populated\">\n\t\t\t\t\t\t<div class=\"elementor-element elementor-element-b04579d elementor-widget elementor-widget-heading\" data-id=\"b04579d\" data-element_type=\"widget\" data-widget_type=\"heading.default\">\n\t\t\t\t<div class=\"elementor-widget-container\">\n\t\t\t\t\t<h2 class=\"elementor-heading-title elementor-size-default\">Revamping, retrofitting et maintenances programm\u00e9es<\/h2>\t\t\t\t<\/div>\n\t\t\t\t<\/div>\n\t\t\t\t<div class=\"elementor-element elementor-element-003ac23 elementor-widget elementor-widget-text-editor\" data-id=\"003ac23\" data-element_type=\"widget\" data-widget_type=\"text-editor.default\">\n\t\t\t\t<div class=\"elementor-widget-container\">\n\t\t\t\t\t\t\t\t\t<p>Les \u00e9volutions technologiques toujours plus rapides, l\u2019usage toujours plus r\u00e9pandu de l\u2019\u00e9lectronique et une demande toujours plus importante en \u00e9conomies d\u2019\u00e9nergie, sans oublier les permanentes exigences en mati\u00e8re de s\u00e9curit\u00e9 pour les employ\u00e9s : tous ces \u00e9l\u00e9ments risquent de rendre les machines obsol\u00e8tes et en cons\u00e9quence de faire perdre sa comp\u00e9titivit\u00e9 \u00e0 une entreprise vis-\u00e0-vis de sa concurrence en seulement quelques ann\u00e9es.<\/p><p>Nous nous engageons \u00e0 toujours vous fournir les meilleures prestations sur vos machines, gr\u00e2ce \u00e0 un panel de services personnalis\u00e9s de maintenance programm\u00e9e, qu\u2019il s\u2019agisse de refonte, reconditionnement ou restructuration et ce directement dans vos locaux. Ce service permet de prolonger le cycle de vie de toute machine et de la moderniser.<\/p><p>S.B.E. est le meilleur choix dans les services suivants :<\/p><ul><li>REVAMPING : apr\u00e8s plusieurs ann\u00e9es de fonctionnement, il est important d\u2019effectuer une r\u00e9vision compl\u00e8te de la machine ou des parties les plus sollicit\u00e9es, ou soumises \u00e0 une usure plus importante. La r\u00e9vision comporte le d\u00e9montage, le contr\u00f4le et le remplacement de tous les composants endommag\u00e9s ou trop us\u00e9s.<\/li><li>RETROFITTING : quand il est indispensable de moderniser ou d\u2019installer de nouvelles technologies en mati\u00e8re de gestion ou de contr\u00f4le, de nouveaux syst\u00e8mes de protection pour les employ\u00e9s, de nouveaux groupes m\u00e9caniques avec des fonctions sp\u00e9cifiques ou encore un nouvel \u00e9quipement \u2013 par exemple une t\u00eate d\u2019extrusion d\u00e9formable 3DX, un nouveau syst\u00e8me de d\u00e9coupe de paraison, etc.<\/li><li>MAINTENANCE PROGRAMM\u00c9E : enfin, quand il s\u2019agit de programmer une maintenance p\u00e9riodique, qui devrait avoir lieu chaque ann\u00e9e ou au pire tous les deux ans, pour conserver un niveau de prestations \u00e9lev\u00e9 et \u00e9viter des arr\u00eats machine \u00e0 l\u2019improviste, pour remplacer les pi\u00e8ces us\u00e9es qui peuvent \u00e9galement provoquer des d\u00e9fauts de forme ou de soudure des corps creux.<\/li><\/ul>\t\t\t\t\t\t\t\t<\/div>\n\t\t\t\t<\/div>\n\t\t\t\t<div class=\"elementor-element elementor-element-b2aed01 elementor-widget elementor-widget-text-editor\" data-id=\"b2aed01\" data-element_type=\"widget\" data-widget_type=\"text-editor.default\">\n\t\t\t\t<div class=\"elementor-widget-container\">\n\t\t\t\t\t\t\t\t\t<p>En fonction des besoins et du type d\u2019intervention n\u00e9cessaires nos services de reconditionnement et refonte peuvent \u00eatre ex\u00e9cut\u00e9s directement aupr\u00e8s de votre entreprise ou bien dans notre \u00e9tablissement de production, pour apporter une nouvelle vie \u00e0 vos installations de soufflage et vous aider \u00e0 conserver la m\u00eame productivit\u00e9 que celle fournie par votre installation quand elle \u00e9tait neuve.<\/p>\t\t\t\t\t\t\t\t<\/div>\n\t\t\t\t<\/div>\n\t\t\t\t\t<\/div>\n\t\t<\/div>\n\t\t\t\t\t<\/div>\n\t\t<\/section>\n\t\t\t\t\t<\/div>\n\t\t<\/div>\n\t\t\t\t\t<\/div>\n\t\t<\/section>\n\t\t\t\t<section class=\"elementor-section elementor-top-section elementor-element elementor-element-b6211f6 elementor-section-content-middle elementor-section-boxed elementor-section-height-default elementor-section-height-default\" data-id=\"b6211f6\" data-element_type=\"section\" data-settings=\"{&quot;shape_divider_bottom&quot;:&quot;tilt&quot;}\">\n\t\t\t\t\t<div class=\"elementor-shape elementor-shape-bottom\" data-negative=\"false\">\n\t\t\t<svg xmlns=\"http:\/\/www.w3.org\/2000\/svg\" viewBox=\"0 0 1000 100\" preserveAspectRatio=\"none\">\n\t<path class=\"elementor-shape-fill\" d=\"M0,6V0h1000v100L0,6z\"\/>\n<\/svg>\t\t<\/div>\n\t\t\t\t\t<div class=\"elementor-container elementor-column-gap-default\">\n\t\t\t\t\t<div class=\"elementor-column elementor-col-100 elementor-top-column elementor-element elementor-element-3c89452\" data-id=\"3c89452\" data-element_type=\"column\">\n\t\t\t<div class=\"elementor-widget-wrap elementor-element-populated\">\n\t\t\t\t\t\t<div class=\"elementor-element elementor-element-ac55584 elementor-widget-divider--view-line elementor-widget elementor-widget-divider\" data-id=\"ac55584\" data-element_type=\"widget\" data-widget_type=\"divider.default\">\n\t\t\t\t<div class=\"elementor-widget-container\">\n\t\t\t\t\t\t\t<div class=\"elementor-divider\">\n\t\t\t<span class=\"elementor-divider-separator\">\n\t\t\t\t\t\t<\/span>\n\t\t<\/div>\n\t\t\t\t\t\t<\/div>\n\t\t\t\t<\/div>\n\t\t\t\t<div class=\"elementor-element elementor-element-8f3d083 elementor-widget__width-auto elementor-widget elementor-widget-heading\" data-id=\"8f3d083\" data-element_type=\"widget\" data-widget_type=\"heading.default\">\n\t\t\t\t<div class=\"elementor-widget-container\">\n\t\t\t\t\t<p class=\"elementor-heading-title elementor-size-default\">Condividi<\/p>\t\t\t\t<\/div>\n\t\t\t\t<\/div>\n\t\t\t\t<div class=\"elementor-element elementor-element-c93503d elementor-share-buttons--view-icon elementor-share-buttons--skin-minimal elementor-share-buttons--shape-circle elementor-share-buttons--align-center elementor-widget__width-auto elementor-grid-0 elementor-share-buttons--color-official elementor-widget elementor-widget-share-buttons\" data-id=\"c93503d\" data-element_type=\"widget\" data-widget_type=\"share-buttons.default\">\n\t\t\t\t<div class=\"elementor-widget-container\">\n\t\t\t\t\t\t\t<div class=\"elementor-grid\">\n\t\t\t\t\t\t\t\t<div class=\"elementor-grid-item\">\n\t\t\t\t\t\t<div\n\t\t\t\t\t\t\tclass=\"elementor-share-btn elementor-share-btn_facebook\"\n\t\t\t\t\t\t\trole=\"button\"\n\t\t\t\t\t\t\ttabindex=\"0\"\n\t\t\t\t\t\t\taria-label=\"Partager sur facebook\"\n\t\t\t\t\t\t>\n\t\t\t\t\t\t\t\t\t\t\t\t\t\t\t<span class=\"elementor-share-btn__icon\">\n\t\t\t\t\t\t\t\t<svg class=\"e-font-icon-svg e-fab-facebook\" viewBox=\"0 0 512 512\" xmlns=\"http:\/\/www.w3.org\/2000\/svg\"><path d=\"M504 256C504 119 393 8 256 8S8 119 8 256c0 123.78 90.69 226.38 209.25 245V327.69h-63V256h63v-54.64c0-62.15 37-96.48 93.67-96.48 27.14 0 55.52 4.84 55.52 4.84v61h-31.28c-30.8 0-40.41 19.12-40.41 38.73V256h68.78l-11 71.69h-57.78V501C413.31 482.38 504 379.78 504 256z\"><\/path><\/svg>\t\t\t\t\t\t\t<\/span>\n\t\t\t\t\t\t\t\t\t\t\t\t\t\t\t\t\t\t\t\t<\/div>\n\t\t\t\t\t<\/div>\n\t\t\t\t\t\t\t\t\t<div class=\"elementor-grid-item\">\n\t\t\t\t\t\t<div\n\t\t\t\t\t\t\tclass=\"elementor-share-btn elementor-share-btn_twitter\"\n\t\t\t\t\t\t\trole=\"button\"\n\t\t\t\t\t\t\ttabindex=\"0\"\n\t\t\t\t\t\t\taria-label=\"Partager sur twitter\"\n\t\t\t\t\t\t>\n\t\t\t\t\t\t\t\t\t\t\t\t\t\t\t<span class=\"elementor-share-btn__icon\">\n\t\t\t\t\t\t\t\t<svg class=\"e-font-icon-svg e-fab-twitter\" viewBox=\"0 0 512 512\" xmlns=\"http:\/\/www.w3.org\/2000\/svg\"><path d=\"M459.37 151.716c.325 4.548.325 9.097.325 13.645 0 138.72-105.583 298.558-298.558 298.558-59.452 0-114.68-17.219-161.137-47.106 8.447.974 16.568 1.299 25.34 1.299 49.055 0 94.213-16.568 130.274-44.832-46.132-.975-84.792-31.188-98.112-72.772 6.498.974 12.995 1.624 19.818 1.624 9.421 0 18.843-1.3 27.614-3.573-48.081-9.747-84.143-51.98-84.143-102.985v-1.299c13.969 7.797 30.214 12.67 47.431 13.319-28.264-18.843-46.781-51.005-46.781-87.391 0-19.492 5.197-37.36 14.294-52.954 51.655 63.675 129.3 105.258 216.365 109.807-1.624-7.797-2.599-15.918-2.599-24.04 0-57.828 46.782-104.934 104.934-104.934 30.213 0 57.502 12.67 76.67 33.137 23.715-4.548 46.456-13.32 66.599-25.34-7.798 24.366-24.366 44.833-46.132 57.827 21.117-2.273 41.584-8.122 60.426-16.243-14.292 20.791-32.161 39.308-52.628 54.253z\"><\/path><\/svg>\t\t\t\t\t\t\t<\/span>\n\t\t\t\t\t\t\t\t\t\t\t\t\t\t\t\t\t\t\t\t<\/div>\n\t\t\t\t\t<\/div>\n\t\t\t\t\t\t\t\t\t<div class=\"elementor-grid-item\">\n\t\t\t\t\t\t<div\n\t\t\t\t\t\t\tclass=\"elementor-share-btn elementor-share-btn_linkedin\"\n\t\t\t\t\t\t\trole=\"button\"\n\t\t\t\t\t\t\ttabindex=\"0\"\n\t\t\t\t\t\t\taria-label=\"Partager sur linkedin\"\n\t\t\t\t\t\t>\n\t\t\t\t\t\t\t\t\t\t\t\t\t\t\t<span class=\"elementor-share-btn__icon\">\n\t\t\t\t\t\t\t\t<svg class=\"e-font-icon-svg e-fab-linkedin\" viewBox=\"0 0 448 512\" xmlns=\"http:\/\/www.w3.org\/2000\/svg\"><path d=\"M416 32H31.9C14.3 32 0 46.5 0 64.3v383.4C0 465.5 14.3 480 31.9 480H416c17.6 0 32-14.5 32-32.3V64.3c0-17.8-14.4-32.3-32-32.3zM135.4 416H69V202.2h66.5V416zm-33.2-243c-21.3 0-38.5-17.3-38.5-38.5S80.9 96 102.2 96c21.2 0 38.5 17.3 38.5 38.5 0 21.3-17.2 38.5-38.5 38.5zm282.1 243h-66.4V312c0-24.8-.5-56.7-34.5-56.7-34.6 0-39.9 27-39.9 54.9V416h-66.4V202.2h63.7v29.2h.9c8.9-16.8 30.6-34.5 62.9-34.5 67.2 0 79.7 44.3 79.7 101.9V416z\"><\/path><\/svg>\t\t\t\t\t\t\t<\/span>\n\t\t\t\t\t\t\t\t\t\t\t\t\t\t\t\t\t\t\t\t<\/div>\n\t\t\t\t\t<\/div>\n\t\t\t\t\t\t\t\t\t<div class=\"elementor-grid-item\">\n\t\t\t\t\t\t<div\n\t\t\t\t\t\t\tclass=\"elementor-share-btn elementor-share-btn_whatsapp\"\n\t\t\t\t\t\t\trole=\"button\"\n\t\t\t\t\t\t\ttabindex=\"0\"\n\t\t\t\t\t\t\taria-label=\"Partager sur whatsapp\"\n\t\t\t\t\t\t>\n\t\t\t\t\t\t\t\t\t\t\t\t\t\t\t<span class=\"elementor-share-btn__icon\">\n\t\t\t\t\t\t\t\t<svg class=\"e-font-icon-svg e-fab-whatsapp\" viewBox=\"0 0 448 512\" xmlns=\"http:\/\/www.w3.org\/2000\/svg\"><path d=\"M380.9 97.1C339 55.1 283.2 32 223.9 32c-122.4 0-222 99.6-222 222 0 39.1 10.2 77.3 29.6 111L0 480l117.7-30.9c32.4 17.7 68.9 27 106.1 27h.1c122.3 0 224.1-99.6 224.1-222 0-59.3-25.2-115-67.1-157zm-157 341.6c-33.2 0-65.7-8.9-94-25.7l-6.7-4-69.8 18.3L72 359.2l-4.4-7c-18.5-29.4-28.2-63.3-28.2-98.2 0-101.7 82.8-184.5 184.6-184.5 49.3 0 95.6 19.2 130.4 54.1 34.8 34.9 56.2 81.2 56.1 130.5 0 101.8-84.9 184.6-186.6 184.6zm101.2-138.2c-5.5-2.8-32.8-16.2-37.9-18-5.1-1.9-8.8-2.8-12.5 2.8-3.7 5.6-14.3 18-17.6 21.8-3.2 3.7-6.5 4.2-12 1.4-32.6-16.3-54-29.1-75.5-66-5.7-9.8 5.7-9.1 16.3-30.3 1.8-3.7.9-6.9-.5-9.7-1.4-2.8-12.5-30.1-17.1-41.2-4.5-10.8-9.1-9.3-12.5-9.5-3.2-.2-6.9-.2-10.6-.2-3.7 0-9.7 1.4-14.8 6.9-5.1 5.6-19.4 19-19.4 46.3 0 27.3 19.9 53.7 22.6 57.4 2.8 3.7 39.1 59.7 94.8 83.8 35.2 15.2 49 16.5 66.6 13.9 10.7-1.6 32.8-13.4 37.4-26.4 4.6-13 4.6-24.1 3.2-26.4-1.3-2.5-5-3.9-10.5-6.6z\"><\/path><\/svg>\t\t\t\t\t\t\t<\/span>\n\t\t\t\t\t\t\t\t\t\t\t\t\t\t\t\t\t\t\t\t<\/div>\n\t\t\t\t\t<\/div>\n\t\t\t\t\t\t\t\t\t<div class=\"elementor-grid-item\">\n\t\t\t\t\t\t<div\n\t\t\t\t\t\t\tclass=\"elementor-share-btn elementor-share-btn_email\"\n\t\t\t\t\t\t\trole=\"button\"\n\t\t\t\t\t\t\ttabindex=\"0\"\n\t\t\t\t\t\t\taria-label=\"Partager sur email\"\n\t\t\t\t\t\t>\n\t\t\t\t\t\t\t\t\t\t\t\t\t\t\t<span class=\"elementor-share-btn__icon\">\n\t\t\t\t\t\t\t\t<svg class=\"e-font-icon-svg e-fas-envelope\" viewBox=\"0 0 512 512\" xmlns=\"http:\/\/www.w3.org\/2000\/svg\"><path d=\"M502.3 190.8c3.9-3.1 9.7-.2 9.7 4.7V400c0 26.5-21.5 48-48 48H48c-26.5 0-48-21.5-48-48V195.6c0-5 5.7-7.8 9.7-4.7 22.4 17.4 52.1 39.5 154.1 113.6 21.1 15.4 56.7 47.8 92.2 47.6 35.7.3 72-32.8 92.3-47.6 102-74.1 131.6-96.3 154-113.7zM256 320c23.2.4 56.6-29.2 73.4-41.4 132.7-96.3 142.8-104.7 173.4-128.7 5.8-4.5 9.2-11.5 9.2-18.9v-19c0-26.5-21.5-48-48-48H48C21.5 64 0 85.5 0 112v19c0 7.4 3.4 14.3 9.2 18.9 30.6 23.9 40.7 32.4 173.4 128.7 16.8 12.2 50.2 41.8 73.4 41.4z\"><\/path><\/svg>\t\t\t\t\t\t\t<\/span>\n\t\t\t\t\t\t\t\t\t\t\t\t\t\t\t\t\t\t\t\t<\/div>\n\t\t\t\t\t<\/div>\n\t\t\t\t\t\t<\/div>\n\t\t\t\t\t\t<\/div>\n\t\t\t\t<\/div>\n\t\t\t\t\t<\/div>\n\t\t<\/div>\n\t\t\t\t\t<\/div>\n\t\t<\/section>\n\t\t\t\t<\/div>\n\t\t","protected":false},"excerpt":{"rendered":"<p>S.B.E. Blow Moulding Revamping, retrofitting et maintenances programm\u00e9es Les \u00e9volutions technologiques toujours plus rapides, l\u2019usage toujours plus r\u00e9pandu de l\u2019\u00e9lectronique et une demande toujours plus importante en \u00e9conomies d\u2019\u00e9nergie, sans oublier les permanentes exigences en mati\u00e8re de s\u00e9curit\u00e9 pour les employ\u00e9s : tous ces \u00e9l\u00e9ments risquent de rendre les machines obsol\u00e8tes et en cons\u00e9quence de [&hellip;]<\/p>\n","protected":false},"author":1,"featured_media":0,"parent":0,"menu_order":0,"comment_status":"closed","ping_status":"closed","template":"","meta":{"footnotes":""},"class_list":["post-2170","page","type-page","status-publish","hentry"],"yoast_head":"<!-- This site is optimized with the Yoast SEO plugin v24.3 - https:\/\/yoast.com\/wordpress\/plugins\/seo\/ -->\n<title>Revamping - S.B. Enterprise<\/title>\n<meta name=\"robots\" content=\"index, follow, max-snippet:-1, max-image-preview:large, max-video-preview:-1\" \/>\n<link rel=\"canonical\" href=\"https:\/\/www.sbenterprise.com\/fr\/revamping\/\" \/>\n<meta property=\"og:locale\" content=\"fr_FR\" \/>\n<meta property=\"og:type\" content=\"article\" \/>\n<meta property=\"og:title\" content=\"Revamping - S.B. Enterprise\" \/>\n<meta property=\"og:description\" content=\"S.B.E. Blow Moulding Revamping, retrofitting et maintenances programm\u00e9es Les \u00e9volutions technologiques toujours plus rapides, l\u2019usage toujours plus r\u00e9pandu de l\u2019\u00e9lectronique et une demande toujours plus importante en \u00e9conomies d\u2019\u00e9nergie, sans oublier les permanentes exigences en mati\u00e8re de s\u00e9curit\u00e9 pour les employ\u00e9s : tous ces \u00e9l\u00e9ments risquent de rendre les machines obsol\u00e8tes et en cons\u00e9quence de [&hellip;]\" \/>\n<meta property=\"og:url\" content=\"https:\/\/www.sbenterprise.com\/fr\/revamping\/\" \/>\n<meta property=\"og:site_name\" content=\"S.B. Enterprise\" \/>\n<meta property=\"article:publisher\" content=\"https:\/\/www.facebook.com\/sbeservicebusinessenterprise\/\" \/>\n<meta property=\"article:modified_time\" content=\"2024-06-17T16:00:39+00:00\" \/>\n<meta name=\"twitter:card\" content=\"summary_large_image\" \/>\n<meta name=\"twitter:label1\" content=\"Dur\u00e9e de lecture estim\u00e9e\" \/>\n\t<meta name=\"twitter:data1\" content=\"2 minutes\" \/>\n<script type=\"application\/ld+json\" class=\"yoast-schema-graph\">{\"@context\":\"https:\/\/schema.org\",\"@graph\":[{\"@type\":\"WebPage\",\"@id\":\"https:\/\/www.sbenterprise.com\/fr\/revamping\/\",\"url\":\"https:\/\/www.sbenterprise.com\/fr\/revamping\/\",\"name\":\"Revamping - S.B. Enterprise\",\"isPartOf\":{\"@id\":\"https:\/\/www.sbenterprise.com\/fr\/#website\"},\"datePublished\":\"2022-07-20T15:13:56+00:00\",\"dateModified\":\"2024-06-17T16:00:39+00:00\",\"breadcrumb\":{\"@id\":\"https:\/\/www.sbenterprise.com\/fr\/revamping\/#breadcrumb\"},\"inLanguage\":\"fr-FR\",\"potentialAction\":[{\"@type\":\"ReadAction\",\"target\":[\"https:\/\/www.sbenterprise.com\/fr\/revamping\/\"]}]},{\"@type\":\"BreadcrumbList\",\"@id\":\"https:\/\/www.sbenterprise.com\/fr\/revamping\/#breadcrumb\",\"itemListElement\":[{\"@type\":\"ListItem\",\"position\":1,\"name\":\"Home\",\"item\":\"https:\/\/www.sbenterprise.com\/fr\/\"},{\"@type\":\"ListItem\",\"position\":2,\"name\":\"Revamping\"}]},{\"@type\":\"WebSite\",\"@id\":\"https:\/\/www.sbenterprise.com\/fr\/#website\",\"url\":\"https:\/\/www.sbenterprise.com\/fr\/\",\"name\":\"S.B. Enterprise\",\"description\":\"Blow Moulding Services &amp; Technologies\",\"publisher\":{\"@id\":\"https:\/\/www.sbenterprise.com\/fr\/#organization\"},\"potentialAction\":[{\"@type\":\"SearchAction\",\"target\":{\"@type\":\"EntryPoint\",\"urlTemplate\":\"https:\/\/www.sbenterprise.com\/fr\/?s={search_term_string}\"},\"query-input\":{\"@type\":\"PropertyValueSpecification\",\"valueRequired\":true,\"valueName\":\"search_term_string\"}}],\"inLanguage\":\"fr-FR\"},{\"@type\":\"Organization\",\"@id\":\"https:\/\/www.sbenterprise.com\/fr\/#organization\",\"name\":\"S.B. Enterprise\",\"url\":\"https:\/\/www.sbenterprise.com\/fr\/\",\"logo\":{\"@type\":\"ImageObject\",\"inLanguage\":\"fr-FR\",\"@id\":\"https:\/\/www.sbenterprise.com\/fr\/#\/schema\/logo\/image\/\",\"url\":\"https:\/\/www.sbenterprise.com\/wp-content\/uploads\/2022\/05\/logo-sbe.svg\",\"contentUrl\":\"https:\/\/www.sbenterprise.com\/wp-content\/uploads\/2022\/05\/logo-sbe.svg\",\"width\":100,\"height\":100,\"caption\":\"S.B. Enterprise\"},\"image\":{\"@id\":\"https:\/\/www.sbenterprise.com\/fr\/#\/schema\/logo\/image\/\"},\"sameAs\":[\"https:\/\/www.facebook.com\/sbeservicebusinessenterprise\/\",\"https:\/\/www.linkedin.com\/company\/serviceblowmoulding\",\"https:\/\/www.instagram.com\/alessandro.candi\/\",\"https:\/\/www.youtube.com\/@s.b.enterprisesrl629\"]}]}<\/script>\n<!-- \/ Yoast SEO plugin. -->","yoast_head_json":{"title":"Revamping - S.B. Enterprise","robots":{"index":"index","follow":"follow","max-snippet":"max-snippet:-1","max-image-preview":"max-image-preview:large","max-video-preview":"max-video-preview:-1"},"canonical":"https:\/\/www.sbenterprise.com\/fr\/revamping\/","og_locale":"fr_FR","og_type":"article","og_title":"Revamping - S.B. Enterprise","og_description":"S.B.E. Blow Moulding Revamping, retrofitting et maintenances programm\u00e9es Les \u00e9volutions technologiques toujours plus rapides, l\u2019usage toujours plus r\u00e9pandu de l\u2019\u00e9lectronique et une demande toujours plus importante en \u00e9conomies d\u2019\u00e9nergie, sans oublier les permanentes exigences en mati\u00e8re de s\u00e9curit\u00e9 pour les employ\u00e9s : tous ces \u00e9l\u00e9ments risquent de rendre les machines obsol\u00e8tes et en cons\u00e9quence de [&hellip;]","og_url":"https:\/\/www.sbenterprise.com\/fr\/revamping\/","og_site_name":"S.B. Enterprise","article_publisher":"https:\/\/www.facebook.com\/sbeservicebusinessenterprise\/","article_modified_time":"2024-06-17T16:00:39+00:00","twitter_card":"summary_large_image","twitter_misc":{"Dur\u00e9e de lecture estim\u00e9e":"2 minutes"},"schema":{"@context":"https:\/\/schema.org","@graph":[{"@type":"WebPage","@id":"https:\/\/www.sbenterprise.com\/fr\/revamping\/","url":"https:\/\/www.sbenterprise.com\/fr\/revamping\/","name":"Revamping - S.B. Enterprise","isPartOf":{"@id":"https:\/\/www.sbenterprise.com\/fr\/#website"},"datePublished":"2022-07-20T15:13:56+00:00","dateModified":"2024-06-17T16:00:39+00:00","breadcrumb":{"@id":"https:\/\/www.sbenterprise.com\/fr\/revamping\/#breadcrumb"},"inLanguage":"fr-FR","potentialAction":[{"@type":"ReadAction","target":["https:\/\/www.sbenterprise.com\/fr\/revamping\/"]}]},{"@type":"BreadcrumbList","@id":"https:\/\/www.sbenterprise.com\/fr\/revamping\/#breadcrumb","itemListElement":[{"@type":"ListItem","position":1,"name":"Home","item":"https:\/\/www.sbenterprise.com\/fr\/"},{"@type":"ListItem","position":2,"name":"Revamping"}]},{"@type":"WebSite","@id":"https:\/\/www.sbenterprise.com\/fr\/#website","url":"https:\/\/www.sbenterprise.com\/fr\/","name":"S.B. Enterprise","description":"Blow Moulding Services &amp; Technologies","publisher":{"@id":"https:\/\/www.sbenterprise.com\/fr\/#organization"},"potentialAction":[{"@type":"SearchAction","target":{"@type":"EntryPoint","urlTemplate":"https:\/\/www.sbenterprise.com\/fr\/?s={search_term_string}"},"query-input":{"@type":"PropertyValueSpecification","valueRequired":true,"valueName":"search_term_string"}}],"inLanguage":"fr-FR"},{"@type":"Organization","@id":"https:\/\/www.sbenterprise.com\/fr\/#organization","name":"S.B. Enterprise","url":"https:\/\/www.sbenterprise.com\/fr\/","logo":{"@type":"ImageObject","inLanguage":"fr-FR","@id":"https:\/\/www.sbenterprise.com\/fr\/#\/schema\/logo\/image\/","url":"https:\/\/www.sbenterprise.com\/wp-content\/uploads\/2022\/05\/logo-sbe.svg","contentUrl":"https:\/\/www.sbenterprise.com\/wp-content\/uploads\/2022\/05\/logo-sbe.svg","width":100,"height":100,"caption":"S.B. Enterprise"},"image":{"@id":"https:\/\/www.sbenterprise.com\/fr\/#\/schema\/logo\/image\/"},"sameAs":["https:\/\/www.facebook.com\/sbeservicebusinessenterprise\/","https:\/\/www.linkedin.com\/company\/serviceblowmoulding","https:\/\/www.instagram.com\/alessandro.candi\/","https:\/\/www.youtube.com\/@s.b.enterprisesrl629"]}]}},"_links":{"self":[{"href":"https:\/\/www.sbenterprise.com\/fr\/wp-json\/wp\/v2\/pages\/2170","targetHints":{"allow":["GET"]}}],"collection":[{"href":"https:\/\/www.sbenterprise.com\/fr\/wp-json\/wp\/v2\/pages"}],"about":[{"href":"https:\/\/www.sbenterprise.com\/fr\/wp-json\/wp\/v2\/types\/page"}],"author":[{"embeddable":true,"href":"https:\/\/www.sbenterprise.com\/fr\/wp-json\/wp\/v2\/users\/1"}],"replies":[{"embeddable":true,"href":"https:\/\/www.sbenterprise.com\/fr\/wp-json\/wp\/v2\/comments?post=2170"}],"version-history":[{"count":5,"href":"https:\/\/www.sbenterprise.com\/fr\/wp-json\/wp\/v2\/pages\/2170\/revisions"}],"predecessor-version":[{"id":2910,"href":"https:\/\/www.sbenterprise.com\/fr\/wp-json\/wp\/v2\/pages\/2170\/revisions\/2910"}],"wp:attachment":[{"href":"https:\/\/www.sbenterprise.com\/fr\/wp-json\/wp\/v2\/media?parent=2170"}],"curies":[{"name":"wp","href":"https:\/\/api.w.org\/{rel}","templated":true}]}}