{"id":2252,"date":"2022-07-20T17:13:56","date_gmt":"2022-07-20T15:13:56","guid":{"rendered":"https:\/\/www.sbenterprise.com\/?page_id=2252"},"modified":"2024-06-17T18:02:21","modified_gmt":"2024-06-17T16:02:21","slug":"revamping","status":"publish","type":"page","link":"https:\/\/www.sbenterprise.com\/pt-pt\/revamping\/","title":{"rendered":"Revamping"},"content":{"rendered":"\t\t<div data-elementor-type=\"wp-page\" data-elementor-id=\"2252\" class=\"elementor elementor-2252 elementor-333\" data-elementor-post-type=\"page\">\n\t\t\t\t\t\t<section class=\"elementor-section elementor-top-section elementor-element elementor-element-43d93d7 elementor-section-height-min-height elementor-section-full_width elementor-section-content-bottom elementor-section-height-default elementor-section-items-middle\" data-id=\"43d93d7\" data-element_type=\"section\" data-settings=\"{&quot;background_background&quot;:&quot;slideshow&quot;,&quot;background_slideshow_gallery&quot;:[{&quot;id&quot;:1286,&quot;url&quot;:&quot;https:\\\/\\\/www.sbenterprise.com\\\/wp-content\\\/uploads\\\/2023\\\/06\\\/31-testata-retrofitting-scaled.jpg&quot;},{&quot;id&quot;:1287,&quot;url&quot;:&quot;https:\\\/\\\/www.sbenterprise.com\\\/wp-content\\\/uploads\\\/2023\\\/06\\\/32-testata-retrofitting-scaled.jpg&quot;},{&quot;id&quot;:1288,&quot;url&quot;:&quot;https:\\\/\\\/www.sbenterprise.com\\\/wp-content\\\/uploads\\\/2023\\\/06\\\/33-testata-retrofitting-scaled.jpg&quot;},{&quot;id&quot;:1289,&quot;url&quot;:&quot;https:\\\/\\\/www.sbenterprise.com\\\/wp-content\\\/uploads\\\/2023\\\/06\\\/34-testata-retrofitting-scaled.jpg&quot;}],&quot;background_slideshow_loop&quot;:&quot;yes&quot;,&quot;background_slideshow_slide_duration&quot;:5000,&quot;background_slideshow_slide_transition&quot;:&quot;fade&quot;,&quot;background_slideshow_transition_duration&quot;:500}\">\n\t\t\t\t\t\t<div class=\"elementor-container elementor-column-gap-default\">\n\t\t\t\t\t<div class=\"elementor-column elementor-col-100 elementor-top-column elementor-element elementor-element-a3a9780 elementor-invisible\" data-id=\"a3a9780\" data-element_type=\"column\" data-settings=\"{&quot;animation&quot;:&quot;fadeInUp&quot;}\">\n\t\t\t<div class=\"elementor-widget-wrap elementor-element-populated\">\n\t\t\t\t\t\t<section class=\"elementor-section elementor-inner-section elementor-element elementor-element-b5ffeaa elementor-section-content-middle elementor-section-boxed elementor-section-height-default elementor-section-height-default\" data-id=\"b5ffeaa\" data-element_type=\"section\">\n\t\t\t\t\t\t<div class=\"elementor-container elementor-column-gap-default\">\n\t\t\t\t\t<div class=\"elementor-column elementor-col-100 elementor-inner-column elementor-element elementor-element-d911cf9\" data-id=\"d911cf9\" data-element_type=\"column\" data-settings=\"{&quot;background_background&quot;:&quot;classic&quot;}\">\n\t\t\t<div class=\"elementor-widget-wrap elementor-element-populated\">\n\t\t\t\t\t\t<div class=\"elementor-element elementor-element-48bffe4 elementor-widget elementor-widget-heading\" data-id=\"48bffe4\" data-element_type=\"widget\" data-widget_type=\"heading.default\">\n\t\t\t\t<div class=\"elementor-widget-container\">\n\t\t\t\t\t<h1 class=\"elementor-heading-title elementor-size-default\">Revamping<\/h1>\t\t\t\t<\/div>\n\t\t\t\t<\/div>\n\t\t\t\t<div class=\"elementor-element elementor-element-1c71f91 elementor-widget-divider--view-line_text elementor-absolute elementor-widget-divider--element-align-center elementor-widget elementor-widget-divider\" data-id=\"1c71f91\" data-element_type=\"widget\" data-settings=\"{&quot;_position&quot;:&quot;absolute&quot;}\" data-widget_type=\"divider.default\">\n\t\t\t\t<div class=\"elementor-widget-container\">\n\t\t\t\t\t\t\t<div class=\"elementor-divider\">\n\t\t\t<span class=\"elementor-divider-separator\">\n\t\t\t\t\t\t\t<span class=\"elementor-divider__text elementor-divider__element\">\n\t\t\t\tS.B.E. Blow Moulding\t\t\t\t<\/span>\n\t\t\t\t\t\t<\/span>\n\t\t<\/div>\n\t\t\t\t\t\t<\/div>\n\t\t\t\t<\/div>\n\t\t\t\t\t<\/div>\n\t\t<\/div>\n\t\t\t\t\t<\/div>\n\t\t<\/section>\n\t\t\t\t\t<\/div>\n\t\t<\/div>\n\t\t\t\t\t<\/div>\n\t\t<\/section>\n\t\t\t\t<section class=\"elementor-section elementor-top-section elementor-element elementor-element-031bb0e elementor-section-content-middle elementor-section-boxed elementor-section-height-default elementor-section-height-default\" data-id=\"031bb0e\" data-element_type=\"section\">\n\t\t\t\t\t\t<div class=\"elementor-container elementor-column-gap-default\">\n\t\t\t\t\t<div class=\"elementor-column elementor-col-100 elementor-top-column elementor-element elementor-element-9aa7725\" data-id=\"9aa7725\" data-element_type=\"column\" data-settings=\"{&quot;background_background&quot;:&quot;classic&quot;}\">\n\t\t\t<div class=\"elementor-widget-wrap elementor-element-populated\">\n\t\t\t\t\t\t<section class=\"elementor-section elementor-inner-section elementor-element elementor-element-d4893b2 elementor-section-boxed elementor-section-height-default elementor-section-height-default elementor-invisible\" data-id=\"d4893b2\" data-element_type=\"section\" data-settings=\"{&quot;background_background&quot;:&quot;classic&quot;,&quot;animation&quot;:&quot;fadeInRight&quot;}\">\n\t\t\t\t\t\t<div class=\"elementor-container elementor-column-gap-default\">\n\t\t\t\t\t<div class=\"elementor-column elementor-col-100 elementor-inner-column elementor-element elementor-element-8f249d2\" data-id=\"8f249d2\" data-element_type=\"column\">\n\t\t\t<div class=\"elementor-widget-wrap elementor-element-populated\">\n\t\t\t\t\t\t<div class=\"elementor-element elementor-element-b04579d elementor-widget elementor-widget-heading\" data-id=\"b04579d\" data-element_type=\"widget\" data-widget_type=\"heading.default\">\n\t\t\t\t<div class=\"elementor-widget-container\">\n\t\t\t\t\t<h2 class=\"elementor-heading-title elementor-size-default\">Revamping, retrofitting e manuten\u00e7\u00e3o programada<\/h2>\t\t\t\t<\/div>\n\t\t\t\t<\/div>\n\t\t\t\t<div class=\"elementor-element elementor-element-003ac23 elementor-widget elementor-widget-text-editor\" data-id=\"003ac23\" data-element_type=\"widget\" data-widget_type=\"text-editor.default\">\n\t\t\t\t<div class=\"elementor-widget-container\">\n\t\t\t\t\t\t\t\t\t<p>Por conta da r\u00e1pida evolu\u00e7\u00e3o tecnol\u00f3gica, do uso cada vez mais difundido da eletr\u00f4nica e da exig\u00eancia crescente de economia de energia e seguran\u00e7a para os trabalhadores, as m\u00e1quinas correm o risco de se tornarem obsoletas, perdendo competitividade em rela\u00e7\u00e3o \u00e0 concorr\u00eancia, depois de poucos anos.<\/p><p><b>N\u00f3s conseguimos garantir sempre o melhor desempenho<\/b> para suas m\u00e1quinas, gra\u00e7as a uma s\u00e9rie de servi\u00e7os personalizados de <b>manuten\u00e7\u00e3o programada, <\/b><b><i>retrofitting e revamping<\/i><\/b>, diretamente nas depend\u00eancias do cliente. Este servi\u00e7o permite prolongar a vida \u00fatil e regenerar qualquer m\u00e1quina.<\/p><p>S.B.E. \u00e9 a escolha melhor para os servi\u00e7os de:<\/p><ul><li aria-level=\"1\"><b>REVAMPING<\/b>: depois de v\u00e1rios anos de atividade, \u00e9 importante executar uma\u00a0<b>revis\u00e3o completa da m\u00e1quina<\/b>\u00a0ou das partes mais sujeitas a solicita\u00e7\u00e3o e maior desgaste, <b>desmontando, controlando e substituindo<\/b>\u00a0todas as componentes danificadas ou comprometidas.<\/li><\/ul><ul><li aria-level=\"1\"><b>RETROFITTING<\/b><span style=\"font-weight: 400;\">: \u00e9 preciso atualizar ou instalar <\/span><b>novas tecnologias <\/b><span style=\"font-weight: 400;\">de gest\u00e3o ou controle,\u00a0<\/span><b>novos sistemas de prote\u00e7\u00e3o<\/b><span style=\"font-weight: 400;\">\u00a0para o trabalhador,\u00a0<\/span><b>novos grupos mec\u00e2nicos<\/b><span style=\"font-weight: 400;\">\u00a0com fun\u00e7\u00f5es espec\u00edficas e um\u00a0<\/span><b>novo equipamento<\/b><span style=\"font-weight: 400;\"> &#8211; por exemplo, um\u00a0<\/span><b>cabe\u00e7ote de extrus\u00e3o deform\u00e1vel 3DX<\/b><span style=\"font-weight: 400;\">, um\u00a0<\/span><b>novo sistema de corte Parison<\/b><span style=\"font-weight: 400;\">, etc.<\/span><\/li><\/ul><ul><li aria-level=\"1\"><b>MANUTEN\u00c7\u00c3O PROGRAMADA<\/b><span style=\"font-weight: 400;\">: por fim, \u00e9 necess\u00e1rio programar uma manuten\u00e7\u00e3o peri\u00f3dica, que <\/span><b>dever\u00e1 ser realizada a cada ano<\/b><span style=\"font-weight: 400;\"> ou, no m\u00e1ximo, a cada dois, para manter sempre um n\u00edvel elevado de desempenho e\u00a0<\/span><b>evitar improvisas paradas da m\u00e1quina<\/b><span style=\"font-weight: 400;\">, substituindo as partes desgastadas que podem at\u00e9 determinar a insurg\u00eancia de\u00a0<\/span><b>defeitos de forma\u00e7\u00e3o ou solda dos corpos ocos<\/b><span style=\"font-weight: 400;\">.<\/span><\/li><\/ul><p><span style=\"font-weight: 400;\">\u00a0<\/span><\/p><p><span style=\"font-weight: 400;\">Com base nas exig\u00eancias e no tipo de interven\u00e7\u00e3o necess\u00e1ria, os servi\u00e7os de\u00a0<\/span><b><i>retrofitting <\/i><\/b><b>e <\/b><b><i>revamping<\/i><\/b><span style=\"font-weight: 400;\">\u00a0podem ser realizados diretamente\u00a0<\/span><b>nas depend\u00eancias da empresa cliente<\/b><span style=\"font-weight: 400;\">\u00a0ou em <\/span><b>nossa unidade de produ\u00e7\u00e3o<\/b><span style=\"font-weight: 400;\">\u00a0para proporcionar\u00a0<\/span><b>nova vida aos seus sistemas de moldagem por sopro<\/b><span style=\"font-weight: 400;\">\u00a0e manter a produtividade de sua instala\u00e7\u00e3o como se fosse nova.<\/span><\/p>\t\t\t\t\t\t\t\t<\/div>\n\t\t\t\t<\/div>\n\t\t\t\t\t<\/div>\n\t\t<\/div>\n\t\t\t\t\t<\/div>\n\t\t<\/section>\n\t\t\t\t\t<\/div>\n\t\t<\/div>\n\t\t\t\t\t<\/div>\n\t\t<\/section>\n\t\t\t\t<section class=\"elementor-section elementor-top-section elementor-element elementor-element-b6211f6 elementor-section-content-middle elementor-section-boxed elementor-section-height-default elementor-section-height-default\" data-id=\"b6211f6\" data-element_type=\"section\" data-settings=\"{&quot;shape_divider_bottom&quot;:&quot;tilt&quot;}\">\n\t\t\t\t\t<div class=\"elementor-shape elementor-shape-bottom\" data-negative=\"false\">\n\t\t\t<svg xmlns=\"http:\/\/www.w3.org\/2000\/svg\" viewBox=\"0 0 1000 100\" preserveAspectRatio=\"none\">\n\t<path class=\"elementor-shape-fill\" d=\"M0,6V0h1000v100L0,6z\"\/>\n<\/svg>\t\t<\/div>\n\t\t\t\t\t<div class=\"elementor-container elementor-column-gap-default\">\n\t\t\t\t\t<div class=\"elementor-column elementor-col-100 elementor-top-column elementor-element elementor-element-3c89452\" data-id=\"3c89452\" data-element_type=\"column\">\n\t\t\t<div class=\"elementor-widget-wrap elementor-element-populated\">\n\t\t\t\t\t\t<div class=\"elementor-element elementor-element-ac55584 elementor-widget-divider--view-line elementor-widget elementor-widget-divider\" data-id=\"ac55584\" data-element_type=\"widget\" data-widget_type=\"divider.default\">\n\t\t\t\t<div class=\"elementor-widget-container\">\n\t\t\t\t\t\t\t<div class=\"elementor-divider\">\n\t\t\t<span class=\"elementor-divider-separator\">\n\t\t\t\t\t\t<\/span>\n\t\t<\/div>\n\t\t\t\t\t\t<\/div>\n\t\t\t\t<\/div>\n\t\t\t\t<div class=\"elementor-element elementor-element-8f3d083 elementor-widget__width-auto elementor-widget elementor-widget-heading\" data-id=\"8f3d083\" data-element_type=\"widget\" data-widget_type=\"heading.default\">\n\t\t\t\t<div class=\"elementor-widget-container\">\n\t\t\t\t\t<p class=\"elementor-heading-title elementor-size-default\">Compartilhar<\/p>\t\t\t\t<\/div>\n\t\t\t\t<\/div>\n\t\t\t\t<div class=\"elementor-element elementor-element-c93503d elementor-share-buttons--view-icon elementor-share-buttons--skin-minimal elementor-share-buttons--shape-circle elementor-share-buttons--align-center elementor-widget__width-auto elementor-grid-0 elementor-share-buttons--color-official elementor-widget elementor-widget-share-buttons\" data-id=\"c93503d\" data-element_type=\"widget\" data-widget_type=\"share-buttons.default\">\n\t\t\t\t<div class=\"elementor-widget-container\">\n\t\t\t\t\t\t\t<div class=\"elementor-grid\">\n\t\t\t\t\t\t\t\t<div class=\"elementor-grid-item\">\n\t\t\t\t\t\t<div\n\t\t\t\t\t\t\tclass=\"elementor-share-btn elementor-share-btn_facebook\"\n\t\t\t\t\t\t\trole=\"button\"\n\t\t\t\t\t\t\ttabindex=\"0\"\n\t\t\t\t\t\t\taria-label=\"Share on facebook\"\n\t\t\t\t\t\t>\n\t\t\t\t\t\t\t\t\t\t\t\t\t\t\t<span class=\"elementor-share-btn__icon\">\n\t\t\t\t\t\t\t\t<svg class=\"e-font-icon-svg e-fab-facebook\" viewBox=\"0 0 512 512\" xmlns=\"http:\/\/www.w3.org\/2000\/svg\"><path d=\"M504 256C504 119 393 8 256 8S8 119 8 256c0 123.78 90.69 226.38 209.25 245V327.69h-63V256h63v-54.64c0-62.15 37-96.48 93.67-96.48 27.14 0 55.52 4.84 55.52 4.84v61h-31.28c-30.8 0-40.41 19.12-40.41 38.73V256h68.78l-11 71.69h-57.78V501C413.31 482.38 504 379.78 504 256z\"><\/path><\/svg>\t\t\t\t\t\t\t<\/span>\n\t\t\t\t\t\t\t\t\t\t\t\t\t\t\t\t\t\t\t\t<\/div>\n\t\t\t\t\t<\/div>\n\t\t\t\t\t\t\t\t\t<div class=\"elementor-grid-item\">\n\t\t\t\t\t\t<div\n\t\t\t\t\t\t\tclass=\"elementor-share-btn elementor-share-btn_twitter\"\n\t\t\t\t\t\t\trole=\"button\"\n\t\t\t\t\t\t\ttabindex=\"0\"\n\t\t\t\t\t\t\taria-label=\"Share on twitter\"\n\t\t\t\t\t\t>\n\t\t\t\t\t\t\t\t\t\t\t\t\t\t\t<span class=\"elementor-share-btn__icon\">\n\t\t\t\t\t\t\t\t<svg class=\"e-font-icon-svg e-fab-twitter\" viewBox=\"0 0 512 512\" xmlns=\"http:\/\/www.w3.org\/2000\/svg\"><path d=\"M459.37 151.716c.325 4.548.325 9.097.325 13.645 0 138.72-105.583 298.558-298.558 298.558-59.452 0-114.68-17.219-161.137-47.106 8.447.974 16.568 1.299 25.34 1.299 49.055 0 94.213-16.568 130.274-44.832-46.132-.975-84.792-31.188-98.112-72.772 6.498.974 12.995 1.624 19.818 1.624 9.421 0 18.843-1.3 27.614-3.573-48.081-9.747-84.143-51.98-84.143-102.985v-1.299c13.969 7.797 30.214 12.67 47.431 13.319-28.264-18.843-46.781-51.005-46.781-87.391 0-19.492 5.197-37.36 14.294-52.954 51.655 63.675 129.3 105.258 216.365 109.807-1.624-7.797-2.599-15.918-2.599-24.04 0-57.828 46.782-104.934 104.934-104.934 30.213 0 57.502 12.67 76.67 33.137 23.715-4.548 46.456-13.32 66.599-25.34-7.798 24.366-24.366 44.833-46.132 57.827 21.117-2.273 41.584-8.122 60.426-16.243-14.292 20.791-32.161 39.308-52.628 54.253z\"><\/path><\/svg>\t\t\t\t\t\t\t<\/span>\n\t\t\t\t\t\t\t\t\t\t\t\t\t\t\t\t\t\t\t\t<\/div>\n\t\t\t\t\t<\/div>\n\t\t\t\t\t\t\t\t\t<div class=\"elementor-grid-item\">\n\t\t\t\t\t\t<div\n\t\t\t\t\t\t\tclass=\"elementor-share-btn elementor-share-btn_linkedin\"\n\t\t\t\t\t\t\trole=\"button\"\n\t\t\t\t\t\t\ttabindex=\"0\"\n\t\t\t\t\t\t\taria-label=\"Share on linkedin\"\n\t\t\t\t\t\t>\n\t\t\t\t\t\t\t\t\t\t\t\t\t\t\t<span class=\"elementor-share-btn__icon\">\n\t\t\t\t\t\t\t\t<svg class=\"e-font-icon-svg e-fab-linkedin\" viewBox=\"0 0 448 512\" xmlns=\"http:\/\/www.w3.org\/2000\/svg\"><path d=\"M416 32H31.9C14.3 32 0 46.5 0 64.3v383.4C0 465.5 14.3 480 31.9 480H416c17.6 0 32-14.5 32-32.3V64.3c0-17.8-14.4-32.3-32-32.3zM135.4 416H69V202.2h66.5V416zm-33.2-243c-21.3 0-38.5-17.3-38.5-38.5S80.9 96 102.2 96c21.2 0 38.5 17.3 38.5 38.5 0 21.3-17.2 38.5-38.5 38.5zm282.1 243h-66.4V312c0-24.8-.5-56.7-34.5-56.7-34.6 0-39.9 27-39.9 54.9V416h-66.4V202.2h63.7v29.2h.9c8.9-16.8 30.6-34.5 62.9-34.5 67.2 0 79.7 44.3 79.7 101.9V416z\"><\/path><\/svg>\t\t\t\t\t\t\t<\/span>\n\t\t\t\t\t\t\t\t\t\t\t\t\t\t\t\t\t\t\t\t<\/div>\n\t\t\t\t\t<\/div>\n\t\t\t\t\t\t\t\t\t<div class=\"elementor-grid-item\">\n\t\t\t\t\t\t<div\n\t\t\t\t\t\t\tclass=\"elementor-share-btn elementor-share-btn_whatsapp\"\n\t\t\t\t\t\t\trole=\"button\"\n\t\t\t\t\t\t\ttabindex=\"0\"\n\t\t\t\t\t\t\taria-label=\"Share on whatsapp\"\n\t\t\t\t\t\t>\n\t\t\t\t\t\t\t\t\t\t\t\t\t\t\t<span class=\"elementor-share-btn__icon\">\n\t\t\t\t\t\t\t\t<svg class=\"e-font-icon-svg e-fab-whatsapp\" viewBox=\"0 0 448 512\" xmlns=\"http:\/\/www.w3.org\/2000\/svg\"><path d=\"M380.9 97.1C339 55.1 283.2 32 223.9 32c-122.4 0-222 99.6-222 222 0 39.1 10.2 77.3 29.6 111L0 480l117.7-30.9c32.4 17.7 68.9 27 106.1 27h.1c122.3 0 224.1-99.6 224.1-222 0-59.3-25.2-115-67.1-157zm-157 341.6c-33.2 0-65.7-8.9-94-25.7l-6.7-4-69.8 18.3L72 359.2l-4.4-7c-18.5-29.4-28.2-63.3-28.2-98.2 0-101.7 82.8-184.5 184.6-184.5 49.3 0 95.6 19.2 130.4 54.1 34.8 34.9 56.2 81.2 56.1 130.5 0 101.8-84.9 184.6-186.6 184.6zm101.2-138.2c-5.5-2.8-32.8-16.2-37.9-18-5.1-1.9-8.8-2.8-12.5 2.8-3.7 5.6-14.3 18-17.6 21.8-3.2 3.7-6.5 4.2-12 1.4-32.6-16.3-54-29.1-75.5-66-5.7-9.8 5.7-9.1 16.3-30.3 1.8-3.7.9-6.9-.5-9.7-1.4-2.8-12.5-30.1-17.1-41.2-4.5-10.8-9.1-9.3-12.5-9.5-3.2-.2-6.9-.2-10.6-.2-3.7 0-9.7 1.4-14.8 6.9-5.1 5.6-19.4 19-19.4 46.3 0 27.3 19.9 53.7 22.6 57.4 2.8 3.7 39.1 59.7 94.8 83.8 35.2 15.2 49 16.5 66.6 13.9 10.7-1.6 32.8-13.4 37.4-26.4 4.6-13 4.6-24.1 3.2-26.4-1.3-2.5-5-3.9-10.5-6.6z\"><\/path><\/svg>\t\t\t\t\t\t\t<\/span>\n\t\t\t\t\t\t\t\t\t\t\t\t\t\t\t\t\t\t\t\t<\/div>\n\t\t\t\t\t<\/div>\n\t\t\t\t\t\t\t\t\t<div class=\"elementor-grid-item\">\n\t\t\t\t\t\t<div\n\t\t\t\t\t\t\tclass=\"elementor-share-btn elementor-share-btn_email\"\n\t\t\t\t\t\t\trole=\"button\"\n\t\t\t\t\t\t\ttabindex=\"0\"\n\t\t\t\t\t\t\taria-label=\"Share on email\"\n\t\t\t\t\t\t>\n\t\t\t\t\t\t\t\t\t\t\t\t\t\t\t<span class=\"elementor-share-btn__icon\">\n\t\t\t\t\t\t\t\t<svg class=\"e-font-icon-svg e-fas-envelope\" viewBox=\"0 0 512 512\" xmlns=\"http:\/\/www.w3.org\/2000\/svg\"><path d=\"M502.3 190.8c3.9-3.1 9.7-.2 9.7 4.7V400c0 26.5-21.5 48-48 48H48c-26.5 0-48-21.5-48-48V195.6c0-5 5.7-7.8 9.7-4.7 22.4 17.4 52.1 39.5 154.1 113.6 21.1 15.4 56.7 47.8 92.2 47.6 35.7.3 72-32.8 92.3-47.6 102-74.1 131.6-96.3 154-113.7zM256 320c23.2.4 56.6-29.2 73.4-41.4 132.7-96.3 142.8-104.7 173.4-128.7 5.8-4.5 9.2-11.5 9.2-18.9v-19c0-26.5-21.5-48-48-48H48C21.5 64 0 85.5 0 112v19c0 7.4 3.4 14.3 9.2 18.9 30.6 23.9 40.7 32.4 173.4 128.7 16.8 12.2 50.2 41.8 73.4 41.4z\"><\/path><\/svg>\t\t\t\t\t\t\t<\/span>\n\t\t\t\t\t\t\t\t\t\t\t\t\t\t\t\t\t\t\t\t<\/div>\n\t\t\t\t\t<\/div>\n\t\t\t\t\t\t<\/div>\n\t\t\t\t\t\t<\/div>\n\t\t\t\t<\/div>\n\t\t\t\t\t<\/div>\n\t\t<\/div>\n\t\t\t\t\t<\/div>\n\t\t<\/section>\n\t\t\t\t<\/div>\n\t\t","protected":false},"excerpt":{"rendered":"<p>S.B.E. Blow Moulding Revamping, retrofitting e manuten\u00e7\u00e3o programada Por conta da r\u00e1pida evolu\u00e7\u00e3o tecnol\u00f3gica, do uso cada vez mais difundido da eletr\u00f4nica e da exig\u00eancia crescente de economia de energia e seguran\u00e7a para os trabalhadores, as m\u00e1quinas correm o risco de se tornarem obsoletas, perdendo competitividade em rela\u00e7\u00e3o \u00e0 concorr\u00eancia, depois de poucos anos. N\u00f3s [&hellip;]<\/p>\n","protected":false},"author":1,"featured_media":0,"parent":0,"menu_order":0,"comment_status":"closed","ping_status":"closed","template":"","meta":{"footnotes":""},"class_list":["post-2252","page","type-page","status-publish","hentry"],"yoast_head":"<!-- This site is optimized with the Yoast SEO plugin v24.3 - https:\/\/yoast.com\/wordpress\/plugins\/seo\/ -->\n<title>Revamping - S.B. Enterprise<\/title>\n<meta name=\"robots\" content=\"index, follow, max-snippet:-1, max-image-preview:large, max-video-preview:-1\" \/>\n<link rel=\"canonical\" href=\"https:\/\/www.sbenterprise.com\/pt-pt\/revamping\/\" \/>\n<meta property=\"og:locale\" content=\"pt_PT\" \/>\n<meta property=\"og:type\" content=\"article\" \/>\n<meta property=\"og:title\" content=\"Revamping - S.B. Enterprise\" \/>\n<meta property=\"og:description\" content=\"S.B.E. Blow Moulding Revamping, retrofitting e manuten\u00e7\u00e3o programada Por conta da r\u00e1pida evolu\u00e7\u00e3o tecnol\u00f3gica, do uso cada vez mais difundido da eletr\u00f4nica e da exig\u00eancia crescente de economia de energia e seguran\u00e7a para os trabalhadores, as m\u00e1quinas correm o risco de se tornarem obsoletas, perdendo competitividade em rela\u00e7\u00e3o \u00e0 concorr\u00eancia, depois de poucos anos. N\u00f3s [&hellip;]\" \/>\n<meta property=\"og:url\" content=\"https:\/\/www.sbenterprise.com\/pt-pt\/revamping\/\" \/>\n<meta property=\"og:site_name\" content=\"S.B. Enterprise\" \/>\n<meta property=\"article:publisher\" content=\"https:\/\/www.facebook.com\/sbeservicebusinessenterprise\/\" \/>\n<meta property=\"article:modified_time\" content=\"2024-06-17T16:02:21+00:00\" \/>\n<meta name=\"twitter:card\" content=\"summary_large_image\" \/>\n<meta name=\"twitter:label1\" content=\"Tempo estimado de leitura\" \/>\n\t<meta name=\"twitter:data1\" content=\"2 minutos\" \/>\n<script type=\"application\/ld+json\" class=\"yoast-schema-graph\">{\"@context\":\"https:\/\/schema.org\",\"@graph\":[{\"@type\":\"WebPage\",\"@id\":\"https:\/\/www.sbenterprise.com\/pt-pt\/revamping\/\",\"url\":\"https:\/\/www.sbenterprise.com\/pt-pt\/revamping\/\",\"name\":\"Revamping - S.B. Enterprise\",\"isPartOf\":{\"@id\":\"https:\/\/www.sbenterprise.com\/pt-pt\/#website\"},\"datePublished\":\"2022-07-20T15:13:56+00:00\",\"dateModified\":\"2024-06-17T16:02:21+00:00\",\"breadcrumb\":{\"@id\":\"https:\/\/www.sbenterprise.com\/pt-pt\/revamping\/#breadcrumb\"},\"inLanguage\":\"pt-PT\",\"potentialAction\":[{\"@type\":\"ReadAction\",\"target\":[\"https:\/\/www.sbenterprise.com\/pt-pt\/revamping\/\"]}]},{\"@type\":\"BreadcrumbList\",\"@id\":\"https:\/\/www.sbenterprise.com\/pt-pt\/revamping\/#breadcrumb\",\"itemListElement\":[{\"@type\":\"ListItem\",\"position\":1,\"name\":\"Home\",\"item\":\"https:\/\/www.sbenterprise.com\/pt-pt\/\"},{\"@type\":\"ListItem\",\"position\":2,\"name\":\"Revamping\"}]},{\"@type\":\"WebSite\",\"@id\":\"https:\/\/www.sbenterprise.com\/pt-pt\/#website\",\"url\":\"https:\/\/www.sbenterprise.com\/pt-pt\/\",\"name\":\"S.B. Enterprise\",\"description\":\"Blow Moulding Services &amp; Technologies\",\"publisher\":{\"@id\":\"https:\/\/www.sbenterprise.com\/pt-pt\/#organization\"},\"potentialAction\":[{\"@type\":\"SearchAction\",\"target\":{\"@type\":\"EntryPoint\",\"urlTemplate\":\"https:\/\/www.sbenterprise.com\/pt-pt\/?s={search_term_string}\"},\"query-input\":{\"@type\":\"PropertyValueSpecification\",\"valueRequired\":true,\"valueName\":\"search_term_string\"}}],\"inLanguage\":\"pt-PT\"},{\"@type\":\"Organization\",\"@id\":\"https:\/\/www.sbenterprise.com\/pt-pt\/#organization\",\"name\":\"S.B. Enterprise\",\"url\":\"https:\/\/www.sbenterprise.com\/pt-pt\/\",\"logo\":{\"@type\":\"ImageObject\",\"inLanguage\":\"pt-PT\",\"@id\":\"https:\/\/www.sbenterprise.com\/pt-pt\/#\/schema\/logo\/image\/\",\"url\":\"https:\/\/www.sbenterprise.com\/wp-content\/uploads\/2022\/05\/logo-sbe.svg\",\"contentUrl\":\"https:\/\/www.sbenterprise.com\/wp-content\/uploads\/2022\/05\/logo-sbe.svg\",\"width\":100,\"height\":100,\"caption\":\"S.B. Enterprise\"},\"image\":{\"@id\":\"https:\/\/www.sbenterprise.com\/pt-pt\/#\/schema\/logo\/image\/\"},\"sameAs\":[\"https:\/\/www.facebook.com\/sbeservicebusinessenterprise\/\",\"https:\/\/www.linkedin.com\/company\/serviceblowmoulding\",\"https:\/\/www.instagram.com\/alessandro.candi\/\",\"https:\/\/www.youtube.com\/@s.b.enterprisesrl629\"]}]}<\/script>\n<!-- \/ Yoast SEO plugin. -->","yoast_head_json":{"title":"Revamping - S.B. Enterprise","robots":{"index":"index","follow":"follow","max-snippet":"max-snippet:-1","max-image-preview":"max-image-preview:large","max-video-preview":"max-video-preview:-1"},"canonical":"https:\/\/www.sbenterprise.com\/pt-pt\/revamping\/","og_locale":"pt_PT","og_type":"article","og_title":"Revamping - S.B. Enterprise","og_description":"S.B.E. Blow Moulding Revamping, retrofitting e manuten\u00e7\u00e3o programada Por conta da r\u00e1pida evolu\u00e7\u00e3o tecnol\u00f3gica, do uso cada vez mais difundido da eletr\u00f4nica e da exig\u00eancia crescente de economia de energia e seguran\u00e7a para os trabalhadores, as m\u00e1quinas correm o risco de se tornarem obsoletas, perdendo competitividade em rela\u00e7\u00e3o \u00e0 concorr\u00eancia, depois de poucos anos. N\u00f3s [&hellip;]","og_url":"https:\/\/www.sbenterprise.com\/pt-pt\/revamping\/","og_site_name":"S.B. Enterprise","article_publisher":"https:\/\/www.facebook.com\/sbeservicebusinessenterprise\/","article_modified_time":"2024-06-17T16:02:21+00:00","twitter_card":"summary_large_image","twitter_misc":{"Tempo estimado de leitura":"2 minutos"},"schema":{"@context":"https:\/\/schema.org","@graph":[{"@type":"WebPage","@id":"https:\/\/www.sbenterprise.com\/pt-pt\/revamping\/","url":"https:\/\/www.sbenterprise.com\/pt-pt\/revamping\/","name":"Revamping - S.B. Enterprise","isPartOf":{"@id":"https:\/\/www.sbenterprise.com\/pt-pt\/#website"},"datePublished":"2022-07-20T15:13:56+00:00","dateModified":"2024-06-17T16:02:21+00:00","breadcrumb":{"@id":"https:\/\/www.sbenterprise.com\/pt-pt\/revamping\/#breadcrumb"},"inLanguage":"pt-PT","potentialAction":[{"@type":"ReadAction","target":["https:\/\/www.sbenterprise.com\/pt-pt\/revamping\/"]}]},{"@type":"BreadcrumbList","@id":"https:\/\/www.sbenterprise.com\/pt-pt\/revamping\/#breadcrumb","itemListElement":[{"@type":"ListItem","position":1,"name":"Home","item":"https:\/\/www.sbenterprise.com\/pt-pt\/"},{"@type":"ListItem","position":2,"name":"Revamping"}]},{"@type":"WebSite","@id":"https:\/\/www.sbenterprise.com\/pt-pt\/#website","url":"https:\/\/www.sbenterprise.com\/pt-pt\/","name":"S.B. Enterprise","description":"Blow Moulding Services &amp; Technologies","publisher":{"@id":"https:\/\/www.sbenterprise.com\/pt-pt\/#organization"},"potentialAction":[{"@type":"SearchAction","target":{"@type":"EntryPoint","urlTemplate":"https:\/\/www.sbenterprise.com\/pt-pt\/?s={search_term_string}"},"query-input":{"@type":"PropertyValueSpecification","valueRequired":true,"valueName":"search_term_string"}}],"inLanguage":"pt-PT"},{"@type":"Organization","@id":"https:\/\/www.sbenterprise.com\/pt-pt\/#organization","name":"S.B. Enterprise","url":"https:\/\/www.sbenterprise.com\/pt-pt\/","logo":{"@type":"ImageObject","inLanguage":"pt-PT","@id":"https:\/\/www.sbenterprise.com\/pt-pt\/#\/schema\/logo\/image\/","url":"https:\/\/www.sbenterprise.com\/wp-content\/uploads\/2022\/05\/logo-sbe.svg","contentUrl":"https:\/\/www.sbenterprise.com\/wp-content\/uploads\/2022\/05\/logo-sbe.svg","width":100,"height":100,"caption":"S.B. Enterprise"},"image":{"@id":"https:\/\/www.sbenterprise.com\/pt-pt\/#\/schema\/logo\/image\/"},"sameAs":["https:\/\/www.facebook.com\/sbeservicebusinessenterprise\/","https:\/\/www.linkedin.com\/company\/serviceblowmoulding","https:\/\/www.instagram.com\/alessandro.candi\/","https:\/\/www.youtube.com\/@s.b.enterprisesrl629"]}]}},"_links":{"self":[{"href":"https:\/\/www.sbenterprise.com\/pt-pt\/wp-json\/wp\/v2\/pages\/2252","targetHints":{"allow":["GET"]}}],"collection":[{"href":"https:\/\/www.sbenterprise.com\/pt-pt\/wp-json\/wp\/v2\/pages"}],"about":[{"href":"https:\/\/www.sbenterprise.com\/pt-pt\/wp-json\/wp\/v2\/types\/page"}],"author":[{"embeddable":true,"href":"https:\/\/www.sbenterprise.com\/pt-pt\/wp-json\/wp\/v2\/users\/1"}],"replies":[{"embeddable":true,"href":"https:\/\/www.sbenterprise.com\/pt-pt\/wp-json\/wp\/v2\/comments?post=2252"}],"version-history":[{"count":8,"href":"https:\/\/www.sbenterprise.com\/pt-pt\/wp-json\/wp\/v2\/pages\/2252\/revisions"}],"predecessor-version":[{"id":3104,"href":"https:\/\/www.sbenterprise.com\/pt-pt\/wp-json\/wp\/v2\/pages\/2252\/revisions\/3104"}],"wp:attachment":[{"href":"https:\/\/www.sbenterprise.com\/pt-pt\/wp-json\/wp\/v2\/media?parent=2252"}],"curies":[{"name":"wp","href":"https:\/\/api.w.org\/{rel}","templated":true}]}}